{"id":165,"date":"2024-03-08T22:28:54","date_gmt":"2024-03-08T22:28:54","guid":{"rendered":"http:\/\/easyecomclub.com\/?page_id=165"},"modified":"2024-03-08T22:28:54","modified_gmt":"2024-03-08T22:28:54","slug":"e-commerce","status":"publish","type":"page","link":"https:\/\/easyecomclub.com\/?page_id=165","title":{"rendered":"E-commerce"},"content":{"rendered":"<div class=\"\" style=\"\" >\n    \n    <section class=\"u-clearfix u-image u-shading u-uploaded-video u-section-2\" id=\"sec-6864\" data-image-width=\"1280\" data-image-height=\"853\" style=\"background-image: linear-gradient(0deg, rgba(0, 0, 0, 0.45), rgba(0, 0, 0, 0.45)), url(&quot;https:\/\/easyecomclub.com\/wp-content\/uploads\/2023\/10\/aadf4a9820dab1537d3ec2bbee8a5a8f1af46133bed8f14e73555de754323473776dfcb374aefc3f2bf71cbdaae78399848dbfd52846526c8a866c_1280.jpg&quot;);\">\n      <div class=\"u-clearfix u-sheet u-valign-bottom u-sheet-1\">\n        <div class=\"u-container-style u-group u-shape-rectangle u-group-1\">\n          <div class=\"u-container-layout u-valign-middle u-container-layout-1\">\n            <h1 class=\"u-align-left u-custom-font u-font-montserrat u-text u-text-black u-text-default u-text-1\"> Soluciones E-commerce Integrales<\/h1>\n            <h2 class=\"u-align-left u-custom-font u-font-montserrat u-text u-text-default u-text-white u-text-2\"> Optimizaci\u00f3n de la Experiencia&nbsp;<br>de Compra Online\n            <\/h2>\n            <p class=\"u-align-left u-custom-font u-font-montserrat u-text u-text-white u-text-3\"> Gesti\u00f3n de Cat\u00e1logo Digital.<br>Sistema de Carrito Eficiente.<br>Administraci\u00f3n de Inventario Online.<br>An\u00e1lisis de Comportamiento de Compra.<br>\n              <br>\n            <\/p>\n          <\/div>\n        <\/div>\n      <\/div>\n    <\/section>\n    <section class=\"u-clearfix u-white u-section-3\" id=\"sec-d29f\">\n      <div class=\"u-clearfix u-sheet u-sheet-1\">\n        <div class=\"u-container-style u-expanded-width u-group u-shape-rectangle u-group-1\">\n          <div class=\"u-container-layout u-container-layout-1\">\n            <h2 class=\"u-align-center u-custom-font u-font-montserrat u-text u-text-default u-text-1\"> Soluciones E-commerce para Negocios y Profesionales Independientes<\/h2>\n            <div class=\"u-align-center u-border-3 u-border-grey-dark-1 u-line u-line-horizontal u-line-1\"><\/div>\n            <p class=\"u-align-center u-custom-font u-font-montserrat u-text u-text-default u-text-2\"> Integraci\u00f3n con las Principales Plataformas de E-commerce<\/p>\n            <h3 class=\"u-align-center u-custom-font u-font-montserrat u-text u-text-default u-text-3\">Impulsando el <span style=\"font-weight: 700;\">negocio online<\/span>\n            <\/h3>\n          <\/div>\n        <\/div>\n        <div class=\"u-expanded-width u-list u-list-1\">\n          <div class=\"u-repeater u-repeater-1\">\n            <div class=\"u-align-center u-container-style u-list-item u-repeater-item\">\n              <div class=\"u-container-layout u-similar-container u-container-layout-2\">\n                <img decoding=\"async\" class=\"u-image u-image-contain u-image-default u-preserve-proportions u-image-1\" src=\"https:\/\/easyecomclub.com\/wp-content\/uploads\/2023\/10\/Disenosintitulo9.png\" alt=\"\" data-image-width=\"206\" data-image-height=\"150\">\n                <h3 class=\"u-custom-font u-font-montserrat u-text u-text-default u-text-4\"> Maximiza Ventas Online<\/h3>\n                <p class=\"u-custom-font u-font-montserrat u-text u-text-default u-text-5\"> Aumenta alcance y ventas en el ecosistema digital. Herramientas de gesti\u00f3n eficaz y optimizaci\u00f3n de procesos para tu e-commerce.<\/p>\n              <\/div>\n            <\/div>\n            <div class=\"u-align-center u-container-style u-list-item u-repeater-item\">\n              <div class=\"u-container-layout u-similar-container u-container-layout-3\">\n                <img decoding=\"async\" class=\"u-image u-image-contain u-image-default u-preserve-proportions u-image-2\" src=\"https:\/\/easyecomclub.com\/wp-content\/uploads\/2023\/10\/Disenosintitulo8.png\" alt=\"\" data-image-width=\"206\" data-image-height=\"150\">\n                <h3 class=\"u-custom-font u-font-montserrat u-text u-text-default u-text-6\"> Conexi\u00f3n con Marketplaces<\/h3>\n                <p class=\"u-custom-font u-font-montserrat u-text u-text-default u-text-7\"> Integra y sincroniza tu inventario con diversas plataformas. Simplificaci\u00f3n de operaciones y mejora continua de la log\u00edstica e-commerce.<\/p>\n              <\/div>\n            <\/div>\n            <div class=\"u-align-center u-container-style u-list-item u-repeater-item\">\n              <div class=\"u-container-layout u-similar-container u-container-layout-4\">\n                <img decoding=\"async\" class=\"u-image u-image-contain u-image-default u-preserve-proportions u-image-3\" src=\"https:\/\/easyecomclub.com\/wp-content\/uploads\/2023\/10\/Disenosintitulo10.png\" alt=\"\" data-image-width=\"206\" data-image-height=\"150\">\n                <h3 class=\"u-custom-font u-font-montserrat u-text u-text-default u-text-8\"> Estrategias de Crecimiento<\/h3>\n                <p class=\"u-custom-font u-font-montserrat u-text u-text-default u-text-9\"> Potencia la presencia de tu negocio en internet. An\u00e1lisis profundo y herramientas avanzadas para un crecimiento sostenido en el mercado digital.<br>\n                  <br>\n                <\/p>\n              <\/div>\n            <\/div>\n          <\/div>\n        <\/div>\n      <\/div>\n    <\/section>\n    <section class=\"u-clearfix u-image u-shading u-section-4\" id=\"sec-3a7b\" data-image-width=\"1980\" data-image-height=\"792\" style=\"background-image: linear-gradient(0deg, rgba(217, 217, 217, 0.65), rgba(217, 217, 217, 0.65)), url(&quot;https:\/\/easyecomclub.com\/wp-content\/uploads\/2023\/09\/swa-min.jpg&quot;);\">\n      <div class=\"u-clearfix u-sheet u-valign-middle u-sheet-1\">\n        <div class=\"u-container-style u-expanded-width u-group u-shape-rectangle u-group-1\">\n          <div class=\"u-container-layout u-container-layout-1\">\n            <h2 class=\"u-align-center u-custom-font u-font-montserrat u-text u-text-black u-text-default u-text-1\"> Vamos a&nbsp;<b>trabajar<\/b>\n            <\/h2>\n            <div class=\"u-align-center u-border-3 u-border-grey-dark-1 u-line u-line-horizontal u-line-1\"><\/div>\n            <h3 class=\"u-align-center u-custom-font u-font-montserrat u-text u-text-black u-text-default u-text-2\"> Eligenos como servicio de almacenaje para profesionales<\/h3>\n          <\/div>\n        <\/div>\n        <div class=\"u-expanded-width u-list u-list-1\">\n          <div class=\"u-repeater u-repeater-1\">\n            <div class=\"u-container-align-center u-container-style u-list-item u-repeater-item\">\n              <div class=\"u-container-layout u-similar-container u-container-layout-2\">\n                <h4 class=\"u-custom-font u-font-montserrat u-text u-text-black u-text-default u-text-3\"> Especialistas en<br>Almacenaje\n                <\/h4>\n                <p class=\"u-align-center u-custom-font u-font-montserrat u-text u-text-black u-text-default u-text-4\"> Estamos especializados en almacenaje y gesti\u00f3n de mercancias.<\/p>\n              <\/div>\n            <\/div>\n            <div class=\"u-container-style u-list-item u-repeater-item\">\n              <div class=\"u-container-layout u-similar-container u-container-layout-3\">\n                <h4 class=\"u-custom-font u-font-montserrat u-text u-text-black u-text-default u-text-5\"> Externaliza<br>tu almac\u00e9n\n                <\/h4>\n                <p class=\"u-align-center u-custom-font u-font-montserrat u-text u-text-black u-text-default u-text-6\"> Externalizando tu almac\u00e9n ahorrar\u00e1s tiempo y espacio, optimizando tus ventas<\/p>\n              <\/div>\n            <\/div>\n            <div class=\"u-container-style u-list-item u-repeater-item\">\n              <div class=\"u-container-layout u-similar-container u-container-layout-4\">\n                <h4 class=\"u-custom-font u-font-montserrat u-text u-text-black u-text-default u-text-7\"> Agilidad en<br>tus env\u00edos\n                <\/h4>\n                <p class=\"u-align-center u-custom-font u-font-montserrat u-text u-text-black u-text-default u-text-8\"> Deja en manos de especialistas la gesti\u00f3n de los env\u00edos a clientes<\/p>\n              <\/div>\n            <\/div>\n            <div class=\"u-container-style u-list-item u-repeater-item\">\n              <div class=\"u-container-layout u-similar-container u-container-layout-5\">\n                <h4 class=\"u-custom-font u-font-montserrat u-text u-text-black u-text-default u-text-9\"> Servicio<br>Integral\n                <\/h4>\n                <p class=\"u-align-center u-custom-font u-font-montserrat u-text u-text-black u-text-default u-text-10\"> Damos servico de recepci\u00f3n, env\u00edos y seguimiemnto, gesti\u00f3n de stock, distribuci\u00f3n y almacenaje<\/p>\n              <\/div>\n            <\/div>\n          <\/div>\n        <\/div>\n      <\/div>\n    <\/section>\n    <section class=\"u-clearfix u-white u-section-5\" id=\"sec-7ccd\">\n      <div class=\"u-clearfix u-sheet u-sheet-1\">\n        <div class=\"u-align-center u-container-style u-expanded-width u-group u-shape-rectangle u-group-1\">\n          <div class=\"u-container-layout u-container-layout-1\">\n            <h2 class=\"u-custom-font u-font-montserrat u-text u-text-default u-text-1\"> Solicita presupuesto sin compromiso<\/h2>\n            <div class=\"u-align-center u-border-3 u-border-grey-dark-1 u-line u-line-horizontal u-line-1\"><\/div>\n            <p class=\"u-align-center-xs u-custom-font u-font-montserrat u-text u-text-default u-text-2\"> Estamos aqu\u00ed para ayudarte.<br>\n              <br>Si necesitas m\u00e1s informaci\u00f3n sobre nuestros servicios o un presupuesto a tu medida, completa el formulario adjunto y nos pondremos en contacto contigo a la mayor brevedad posible.<br>\n              <br>Tambien puedes enviarnos un e-mail con tu consulta a&nbsp;<a href=\"mailto:fulfillment@easyecomclub.com\" class=\"u-btn u-button-link u-button-style u-custom-font u-font-montserrat u-text-hover-palette-3-base u-text-palette-1-base u-btn-1\">fulfillment@easyecomclub.com<\/a> o llamarnos por tel\u00e9fono al&nbsp;<a href=\"tel:623 493 340\" class=\"u-btn u-button-link u-button-style u-custom-font u-font-montserrat u-text-hover-palette-3-base u-text-palette-1-base u-btn-2\">623 493 340&nbsp;<\/a>\n            <\/p>\n            <a href=\"https:\/\/api.whatsapp.com\/send?phone=34623493340&amp;text=Hola%2C%20me%20gustar%C3%ADa%20obtener%20informaci%C3%B3n%20sobre%20vuestro%20funcionamiento.\" class=\"u-align-center u-border-2 u-border-white u-btn u-btn-round u-button-style u-custom-font u-font-montserrat u-hover-palette-1-light-1 u-palette-1-base u-radius-50 u-btn-3\" target=\"_blank\">\u00bfEMPEZAMOS?<\/a>\n          <\/div>\n        <\/div>\n      <\/div>\n    <\/section>\n    <section class=\"u-clearfix u-gradient u-section-6\" id=\"sec-e20f\">\n      <div class=\"u-clearfix u-sheet u-sheet-1\">\n        <div class=\"u-clearfix u-expanded-width-lg u-expanded-width-md u-expanded-width-sm u-expanded-width-xl u-layout-wrap u-layout-wrap-1\">\n          <div class=\"u-layout\">\n            <div class=\"u-layout-row\">\n              <div class=\"u-container-style u-layout-cell u-size-30 u-layout-cell-1\">\n                <div class=\"u-container-layout u-container-layout-1\">\n                  <div class=\"u-border-3 u-border-grey-dark-1 u-line u-line-horizontal u-line-1\"><\/div>\n                  <p class=\"u-align-left u-custom-font u-font-montserrat u-text u-text-default u-text-white u-text-1\">A tu disposici\u00f3n 24\/7<\/p>\n                  <h2 class=\"u-align-left u-custom-font u-font-montserrat u-text u-text-default u-text-white u-text-2\">QUE PODEMOS OFRECERTE<\/h2>\n                  <p class=\"u-align-left u-custom-font u-font-montserrat u-text u-text-default u-text-white u-text-3\"> Cont\u00e1ctanos para soluciones adaptadas a tus necesidades<\/p>\n                  <h3 class=\"u-align-left u-custom-font u-font-montserrat u-text u-text-default u-text-white u-text-4\">\n                    <a class=\"u-btn u-button-link u-button-style u-custom-font u-font-montserrat u-text-hover-palette-3-base u-text-white u-btn-1\" href=\"https:\/\/api.whatsapp.com\/send?phone=34623493340&amp;text=Hola%2C%20me%20gustar%C3%ADa%20obtener%20informaci%C3%B3n%20sobre%20vuestro%20funcionamiento.\" target=\"_blank\">Soporte en WhatsApp<br>(+34) 623 493 340\n                    <\/a>\n                  <\/h3>\n                <\/div>\n              <\/div>\n              <div class=\"u-container-align-center u-container-style u-layout-cell u-size-30 u-layout-cell-2\">\n                <div class=\"u-container-layout u-container-layout-2\">\n                  <div class=\"u-expanded u-grey-light-2 u-map\">\n                    <div class=\"embed-responsive\">\n                      <iframe class=\"embed-responsive-item\" src=\"https:\/\/maps.google.com\/maps?output=embed&amp;q=Cuatrecasas%20i%20arumi%2011%20sant%20quirze%20del%20vall%C3%A9s&amp;z=14&amp;t=m\" data-map=\"JTdCJTIyYWRkcmVzcyUyMiUzQSUyMkN1YXRyZWNhc2FzJTIwaSUyMGFydW1pJTIwMTElMjBzYW50JTIwcXVpcnplJTIwZGVsJTIwdmFsbCVDMyVBOXMlMjIlMkMlMjJ6b29tJTIyJTNBMTQlMkMlMjJ0eXBlSWQlMjIlM0ElMjJyb2FkJTIyJTJDJTIybGFuZyUyMiUzQW51bGwlMkMlMjJhcGlLZXklMjIlM0FudWxsJTJDJTIybWFya2VycyUyMiUzQSU1QiU1RCU3RA==\"><\/iframe>\n                    <\/div>\n                  <\/div>\n                <\/div>\n              <\/div>\n            <\/div>\n          <\/div>\n        <\/div>\n      <\/div>\n    <\/section>\n    \n    \n    \n  \n<\/div>","protected":false},"excerpt":{"rendered":"<p>Soluciones E-commerce Integrales Optimizaci\u00f3n de la Experiencia&nbsp;de Compra Online Gesti\u00f3n de Cat\u00e1logo Digital.Sistema de Carrito Eficiente.Administraci\u00f3n de Inventario Online.An\u00e1lisis de Comportamiento de Compra. Soluciones E-commerce para Negocios y Profesionales Independientes Integraci\u00f3n con las Principales Plataformas de E-commerce Impulsando el negocio online Maximiza Ventas Online Aumenta alcance y ventas en el ecosistema digital. Herramientas de gesti\u00f3n&hellip; <a class=\"more-link\" href=\"https:\/\/easyecomclub.com\/?page_id=165\">Seguir leyendo <span class=\"screen-reader-text\">E-commerce<\/span><\/a><\/p>\n","protected":false},"author":1,"featured_media":0,"parent":0,"menu_order":0,"comment_status":"closed","ping_status":"closed","template":"","meta":{"footnotes":""},"class_list":["post-165","page","type-page","status-publish","hentry","entry"],"_links":{"self":[{"href":"https:\/\/easyecomclub.com\/index.php?rest_route=\/wp\/v2\/pages\/165","targetHints":{"allow":["GET"]}}],"collection":[{"href":"https:\/\/easyecomclub.com\/index.php?rest_route=\/wp\/v2\/pages"}],"about":[{"href":"https:\/\/easyecomclub.com\/index.php?rest_route=\/wp\/v2\/types\/page"}],"author":[{"embeddable":true,"href":"https:\/\/easyecomclub.com\/index.php?rest_route=\/wp\/v2\/users\/1"}],"replies":[{"embeddable":true,"href":"https:\/\/easyecomclub.com\/index.php?rest_route=%2Fwp%2Fv2%2Fcomments&post=165"}],"version-history":[{"count":3,"href":"https:\/\/easyecomclub.com\/index.php?rest_route=\/wp\/v2\/pages\/165\/revisions"}],"predecessor-version":[{"id":170,"href":"https:\/\/easyecomclub.com\/index.php?rest_route=\/wp\/v2\/pages\/165\/revisions\/170"}],"wp:attachment":[{"href":"https:\/\/easyecomclub.com\/index.php?rest_route=%2Fwp%2Fv2%2Fmedia&parent=165"}],"curies":[{"name":"wp","href":"https:\/\/api.w.org\/{rel}","templated":true}]}}