{"id":7,"date":"2023-09-25T13:58:10","date_gmt":"2023-09-25T13:58:10","guid":{"rendered":"http:\/\/easyecomclub.com\/?page_id=7"},"modified":"2024-03-13T09:49:58","modified_gmt":"2024-03-13T09:49:58","slug":"page","status":"publish","type":"page","link":"https:\/\/easyecomclub.com\/","title":{"rendered":"Inicio"},"content":{"rendered":"<div class=\"\" style=\"\" >\n    \n    <section class=\"u-align-center u-clearfix u-image u-shading u-section-2\" id=\"carousel_eae9\" data-image-width=\"1500\" data-image-height=\"955\" style=\"background-image: linear-gradient(0deg, rgba(0, 0, 0, 0.45), rgba(0, 0, 0, 0.45)), url(&quot;https:\/\/easyecomclub.com\/wp-content\/uploads\/2024\/03\/modern-building-nadir-shoot.jpg&quot;);\">\n      <div class=\"u-clearfix u-sheet u-sheet-1\">\n        <img decoding=\"async\" class=\"u-image u-image-default u-image-1\" src=\"https:\/\/easyecomclub.com\/wp-content\/uploads\/2024\/03\/18fca61274d04653f8a369e0de9c08ade3f05bd316dc408a1a16d07c0fdcc5668657336fa12f2972895d25ceb7dfe07792df80769d9a9962a1f7e0_1280.jpg\" alt=\"\" data-image-width=\"1280\" data-image-height=\"801\">\n        <div class=\"u-align-center u-container-style u-group u-opacity u-opacity-80 u-radius-50 u-shape-round u-white u-group-1\">\n          <div class=\"u-container-layout u-valign-middle u-container-layout-1\">\n            <h2 class=\"u-align-center u-custom-font u-font-montserrat u-text u-text-1\"> Easy Ecom<\/h2>\n            <p class=\"u-align-center u-text u-text-2\"> Explora nuestra empresa, pionera en e-commerce y fulfillment. Nos destacamos por ofrecer soluciones avanzadas en log\u00edstica y gesti\u00f3n de inventarios, impulsando el \u00e9xito comercial.<\/p>\n            <p class=\"u-align-center u-text u-text-3\">\n              <a href=\"https:\/\/easyecomclub.com\/?page_id=151\" class=\"u-btn u-button-link u-button-style u-custom-font u-text-palette-1-base u-btn-1\"> Tenemos plazas abiertas para invertir en nuestra empresa l\u00edder. Act\u00faa r\u00e1pido, el plazo para unirse a nosotros como inversor cierra pronto.<\/a>\n            <\/p>\n          <\/div>\n        <\/div>\n      <\/div>\n    <\/section>\n    <section class=\"u-clearfix u-white u-section-3\" id=\"carousel_c752\">\n      <div class=\"u-clearfix u-sheet u-valign-middle u-sheet-1\">\n        <div class=\"data-layout-selected u-clearfix u-expanded-width u-layout-wrap u-layout-wrap-1\">\n          <div class=\"u-layout\">\n            <div class=\"u-layout-row\">\n              <div class=\"u-align-right u-container-style u-layout-cell u-size-28-lg u-size-28-xl u-size-31-md u-size-31-sm u-size-31-xs u-layout-cell-1\" data-animation-name=\"customAnimationIn\" data-animation-duration=\"1500\" data-animation-delay=\"250\">\n                <div class=\"u-container-layout u-container-layout-1\">\n                  <h3 class=\"u-align-left u-text u-text-1\"> Consigue rendimiento con nuestro proyecto triunfador<\/h3>\n                  <img decoding=\"async\" class=\"u-expanded-width u-image u-image-contain u-image-default u-image-1\" src=\"https:\/\/easyecomclub.com\/wp-content\/uploads\/2024\/03\/grafico_comparacion_crecimientos_e-commerce_nacionales.png\" alt=\"\" data-image-width=\"1600\" data-image-height=\"1200\">\n                <\/div>\n              <\/div>\n              <div class=\"u-align-justify u-container-align-left u-container-style u-layout-cell u-shape-rectangle u-size-29-md u-size-29-sm u-size-29-xs u-size-32-lg u-size-32-xl u-layout-cell-2\" data-animation-name=\"customAnimationIn\" data-animation-duration=\"1500\" data-animation-delay=\"500\">\n                <div class=\"u-container-layout u-valign-top u-container-layout-2\">\n                  <p class=\"u-align-left u-text u-text-default u-text-2\"> L\u00edderes en fullfilment y expertos en&nbsp;<br>e-commerce. Destacamos por nuestra dedicaci\u00f3n a la excelencia, innovaci\u00f3n y soluciones efectivas que elevan el comercio electr\u00f3nico. Unete a nosotros y contribuye a una trayectoria triunfadora en el sector digital, consiguiendo un rendimiento.\n                  <\/p>\n                  <a href=\"https:\/\/easyecomclub.com\/?page_id=151\" class=\"u-active-palette-1-base u-align-left u-border-2 u-border-active-palette-1-base u-border-hover-palette-1-base u-border-palette-1-base u-btn u-btn-round u-button-style u-hover-palette-1-base u-none u-radius-50 u-text-active-white u-text-hover-white u-btn-1\">Leer m\u00e1s<\/a>\n                <\/div>\n              <\/div>\n            <\/div>\n          <\/div>\n        <\/div>\n      <\/div>\n    <\/section>\n    <section class=\"u-align-center u-clearfix u-container-align-center u-palette-1-base u-section-4\" id=\"carousel_0f3d\">\n      <div class=\"u-clearfix u-sheet u-sheet-1\">\n        <h2 class=\"u-align-center u-custom-font u-font-montserrat u-text u-text-body-alt-color u-text-default u-text-1\" data-animation-name=\"customAnimationIn\" data-animation-duration=\"1500\" data-animation-delay=\"0\"> Excelencia en Log\u00edstica<br>&nbsp;Tu Soluci\u00f3n de Fullfilment\n        <\/h2>\n        <div class=\"u-expanded-width u-list u-list-1\">\n          <div class=\"u-repeater u-repeater-1\">\n            <div class=\"u-align-center u-container-align-left u-container-style u-list-item u-radius-19 u-repeater-item u-shape-round u-white u-list-item-1\" data-animation-direction=\"Up\" data-animation-name=\"customAnimationIn\" data-animation-duration=\"1500\" data-animation-delay=\"500\">\n              <div class=\"u-container-layout u-similar-container u-valign-top u-container-layout-1\">\n                <h4 class=\"u-align-left u-text u-text-2\">Almacenaje<\/h4>\n                <p class=\"u-align-left u-text u-text-3\"> Nos encargamos de tu stock. Y tambi\u00e9n de las entradas y salidas, la gesti\u00f3n de tus mercanc\u00edas...y todo cuidado al m\u00e1ximo detalle. <\/p>\n                <img decoding=\"async\" class=\"u-expanded-width u-image u-image-round u-preserve-proportions u-radius-20 u-image-1\" src=\"https:\/\/easyecomclub.com\/wp-content\/uploads\/2023\/10\/Actual.png\" alt=\"\" data-image-width=\"500\" data-image-height=\"500\">\n              <\/div>\n            <\/div>\n            <div class=\"u-align-center u-container-align-left u-container-style u-list-item u-radius-19 u-repeater-item u-shape-round u-white u-list-item-2\" data-animation-name=\"customAnimationIn\" data-animation-duration=\"1500\" data-animation-delay=\"500\">\n              <div class=\"u-container-layout u-similar-container u-valign-top u-container-layout-2\">\n                <h4 class=\"u-align-left u-text u-text-4\">Plataformas<\/h4>\n                <p class=\"u-align-left u-text u-text-5\"> Si lo necesitas, integramos con las principales plataformas de logistica y transporte. Servicio integral para que no tengas que preocuparte de nada. <\/p>\n                <img decoding=\"async\" class=\"u-expanded-width u-image u-image-round u-preserve-proportions u-radius-20 u-image-2\" src=\"https:\/\/easyecomclub.com\/wp-content\/uploads\/2023\/10\/Actual1.png\" alt=\"\" data-image-width=\"500\" data-image-height=\"500\">\n              <\/div>\n            <\/div>\n            <div class=\"u-align-center u-container-align-left u-container-style u-list-item u-radius-19 u-repeater-item u-shape-round u-video-cover u-white u-list-item-3\" data-animation-direction=\"Up\" data-animation-name=\"customAnimationIn\" data-animation-duration=\"1500\" data-animation-delay=\"500\">\n              <div class=\"u-container-layout u-similar-container u-valign-top u-container-layout-3\">\n                <h4 class=\"u-align-left u-text u-text-6\">Transporte<\/h4>\n                <p class=\"u-align-left u-text u-text-7\"> Estamos conectados con el mundo. T\u00fa solo preocupate de vender, nosotros se lo hacemos llegar a tus clientes r\u00e1pido y en perfectas condiciones. <\/p>\n                <img decoding=\"async\" class=\"u-expanded-width u-image u-image-round u-preserve-proportions u-radius-20 u-image-3\" src=\"https:\/\/easyecomclub.com\/wp-content\/uploads\/2023\/10\/Actual2.png\" alt=\"\" data-image-width=\"500\" data-image-height=\"500\">\n              <\/div>\n            <\/div>\n          <\/div>\n        <\/div>\n        <a href=\"https:\/\/easyecomclub.com\/\" class=\"u-active-palette-1-base u-align-left u-border-2 u-border-active-palette-1-base u-border-hover-palette-1-base u-border-palette-1-base u-btn u-btn-round u-button-style u-hover-grey-40 u-radius-50 u-text-active-white u-text-hover-white u-white u-btn-1\" target=\"_blank\">Leer m\u00e1s<\/a>\n      <\/div>\n    <\/section>\n    <section class=\"u-clearfix u-image u-shading u-uploaded-video u-section-5\" id=\"sec-0751\" data-image-width=\"1280\" data-image-height=\"853\" style=\"background-image: linear-gradient(0deg, rgba(0, 0, 0, 0.45), rgba(0, 0, 0, 0.45)), url(&quot;https:\/\/easyecomclub.com\/wp-content\/uploads\/2023\/10\/aadf4a9820dab1537d3ec2bbee8a5a8f1af46133bed8f14e73555de754323473776dfcb374aefc3f2bf71cbdaae78399848dbfd52846526c8a866c_1280.jpg&quot;);\">\n      <div class=\"u-clearfix u-sheet u-valign-bottom u-sheet-1\">\n        <div class=\"u-container-style u-group u-shape-rectangle u-group-1\">\n          <div class=\"u-container-layout u-valign-middle u-container-layout-1\">\n            <h1 class=\"u-align-left u-custom-font u-font-montserrat u-text u-text-black u-text-default u-text-1\"> Soluciones E-commerce Integrales<\/h1>\n            <h2 class=\"u-align-left u-custom-font u-font-montserrat u-text u-text-default u-text-white u-text-2\"> Optimizaci\u00f3n de la Experiencia&nbsp;<br>de Compra Online\n            <\/h2>\n            <p class=\"u-align-left u-custom-font u-font-montserrat u-text u-text-white u-text-3\"> Gesti\u00f3n de Cat\u00e1logo Digital.<br>Sistema de Carrito Eficiente.<br>Administraci\u00f3n de Inventario Online.<br>An\u00e1lisis de Comportamiento de Compra.<br>\n              <br>\n            <\/p>\n            <a href=\"https:\/\/easyecomclub.com\/?page_id=165\" class=\"u-active-palette-1-base u-align-left u-border-2 u-border-active-palette-1-base u-border-hover-palette-1-base u-border-palette-1-base u-btn u-btn-round u-button-style u-hover-grey-40 u-radius-50 u-text-active-white u-text-hover-white u-white u-btn-1\">Leer m\u00e1s<\/a>\n          <\/div>\n        <\/div>\n      <\/div>\n    <\/section>\n    \n    \n  \n<\/div>","protected":false},"excerpt":{"rendered":"<p>Easy Ecom Explora nuestra empresa, pionera en e-commerce y fulfillment. Nos destacamos por ofrecer soluciones avanzadas en log\u00edstica y gesti\u00f3n de inventarios, impulsando el \u00e9xito comercial. Tenemos plazas abiertas para invertir en nuestra empresa l\u00edder. Act\u00faa r\u00e1pido, el plazo para unirse a nosotros como inversor cierra pronto. Consigue rendimiento con nuestro proyecto triunfador L\u00edderes en&hellip; <a class=\"more-link\" href=\"https:\/\/easyecomclub.com\/\">Seguir leyendo <span class=\"screen-reader-text\">Inicio<\/span><\/a><\/p>\n","protected":false},"author":1,"featured_media":0,"parent":0,"menu_order":0,"comment_status":"closed","ping_status":"closed","template":"","meta":{"footnotes":""},"class_list":["post-7","page","type-page","status-publish","hentry","entry"],"_links":{"self":[{"href":"https:\/\/easyecomclub.com\/index.php?rest_route=\/wp\/v2\/pages\/7","targetHints":{"allow":["GET"]}}],"collection":[{"href":"https:\/\/easyecomclub.com\/index.php?rest_route=\/wp\/v2\/pages"}],"about":[{"href":"https:\/\/easyecomclub.com\/index.php?rest_route=\/wp\/v2\/types\/page"}],"author":[{"embeddable":true,"href":"https:\/\/easyecomclub.com\/index.php?rest_route=\/wp\/v2\/users\/1"}],"replies":[{"embeddable":true,"href":"https:\/\/easyecomclub.com\/index.php?rest_route=%2Fwp%2Fv2%2Fcomments&post=7"}],"version-history":[{"count":20,"href":"https:\/\/easyecomclub.com\/index.php?rest_route=\/wp\/v2\/pages\/7\/revisions"}],"predecessor-version":[{"id":195,"href":"https:\/\/easyecomclub.com\/index.php?rest_route=\/wp\/v2\/pages\/7\/revisions\/195"}],"wp:attachment":[{"href":"https:\/\/easyecomclub.com\/index.php?rest_route=%2Fwp%2Fv2%2Fmedia&parent=7"}],"curies":[{"name":"wp","href":"https:\/\/api.w.org\/{rel}","templated":true}]}}